{"id":3264,"date":"2020-04-24T13:22:13","date_gmt":"2020-04-24T16:22:13","guid":{"rendered":"https:\/\/springbrookfarms.ca\/decoupe-de-viande\/"},"modified":"2020-04-24T13:22:13","modified_gmt":"2020-04-24T16:22:13","slug":"decoupe-de-viande","status":"publish","type":"page","link":"https:\/\/springbrookfarms.ca\/fr\/decoupe-de-viande\/","title":{"rendered":"D\u00e9coupe de viande"},"content":{"rendered":"<p>[et_pb_section fb_built=\u00a0\u00bb1&Prime; inner_shadow=\u00a0\u00bbon\u00a0\u00bb fullwidth=\u00a0\u00bbon\u00a0\u00bb custom_padding_last_edited=\u00a0\u00bbon|desktop\u00a0\u00bb admin_label=\u00a0\u00bbPage Header\u00a0\u00bb _builder_version=\u00a0\u00bb4.4.1&Prime; background_color=\u00a0\u00bbrgba(255,255,255,0)\u00a0\u00bb use_background_color_gradient=\u00a0\u00bbon\u00a0\u00bb background_color_gradient_start=\u00a0\u00bbrgba(0,0,0,0.34)\u00a0\u00bb background_color_gradient_end=\u00a0\u00bbrgba(0,0,0,0.39)\u00a0\u00bb background_color_gradient_overlays_image=\u00a0\u00bbon\u00a0\u00bb background_image=\u00a0\u00bbhttps:\/\/springbrookfarms.ca\/wp-content\/uploads\/2013\/12\/bbq-pork-box-2.jpg\u00a0\u00bb custom_padding_tablet=\u00a0\u00bb50px|0|50px|0&Prime; custom_padding_phone=\u00a0\u00bb\u00a0\u00bb hover_enabled=\u00a0\u00bb0&Prime; collapsed=\u00a0\u00bbon\u00a0\u00bb][et_pb_fullwidth_header title=\u00a0\u00bbTransformation personnalis\u00e9e de la viande\u00a0\u00bb text_orientation=\u00a0\u00bbcenter\u00a0\u00bb _builder_version=\u00a0\u00bb4.4.1&Prime; title_font=\u00a0\u00bb||||\u00a0\u00bb title_font_size=\u00a0\u00bb54px\u00a0\u00bb content_font=\u00a0\u00bb||||\u00a0\u00bb content_font_size=\u00a0\u00bb16px\u00a0\u00bb subhead_font=\u00a0\u00bb||||\u00a0\u00bb subhead_font_size=\u00a0\u00bb16px\u00a0\u00bb background_color=\u00a0\u00bbrgba(255, 255, 255, 0)\u00a0\u00bb hover_enabled=\u00a0\u00bb0&Prime; title_font_size_tablet=\u00a0\u00bb\u00a0\u00bb title_font_size_phone=\u00a0\u00bb36px\u00a0\u00bb title_font_size_last_edited=\u00a0\u00bbon|desktop\u00a0\u00bb button_one_letter_spacing_hover=\u00a0\u00bb0&Prime; button_two_letter_spacing_hover=\u00a0\u00bb0&Prime; button_one_text_size__hover_enabled=\u00a0\u00bboff\u00a0\u00bb button_two_text_size__hover_enabled=\u00a0\u00bboff\u00a0\u00bb button_one_text_color__hover_enabled=\u00a0\u00bboff\u00a0\u00bb button_two_text_color__hover_enabled=\u00a0\u00bboff\u00a0\u00bb button_one_border_width__hover_enabled=\u00a0\u00bboff\u00a0\u00bb button_two_border_width__hover_enabled=\u00a0\u00bboff\u00a0\u00bb button_one_border_color__hover_enabled=\u00a0\u00bboff\u00a0\u00bb button_two_border_color__hover_enabled=\u00a0\u00bboff\u00a0\u00bb button_one_border_radius__hover_enabled=\u00a0\u00bboff\u00a0\u00bb button_two_border_radius__hover_enabled=\u00a0\u00bboff\u00a0\u00bb button_one_letter_spacing__hover_enabled=\u00a0\u00bbon\u00a0\u00bb button_one_letter_spacing__hover=\u00a0\u00bb0&Prime; button_two_letter_spacing__hover_enabled=\u00a0\u00bbon\u00a0\u00bb button_two_letter_spacing__hover=\u00a0\u00bb0&Prime; button_one_bg_color__hover_enabled=\u00a0\u00bboff\u00a0\u00bb button_two_bg_color__hover_enabled=\u00a0\u00bboff\u00a0\u00bb][\/et_pb_fullwidth_header][\/et_pb_section][et_pb_section fb_built=\u00a0\u00bb1&Prime; specialty=\u00a0\u00bbon\u00a0\u00bb custom_padding_last_edited=\u00a0\u00bbon|desktop\u00a0\u00bb parallax_method_1=\u00a0\u00bboff\u00a0\u00bb parallax_method_2=\u00a0\u00bboff\u00a0\u00bb admin_label=\u00a0\u00bbContact form + Map\u00a0\u00bb _builder_version=\u00a0\u00bb3.22&Prime; background_color=\u00a0\u00bb#f2f2f2&Prime; custom_padding=\u00a0\u00bb0px|||\u00a0\u00bb custom_padding_tablet=\u00a0\u00bb50px|0|50px|0&Prime; custom_padding_phone=\u00a0\u00bb\u00a0\u00bb transparent_background=\u00a0\u00bboff\u00a0\u00bb padding_mobile=\u00a0\u00bboff\u00a0\u00bb make_fullwidth=\u00a0\u00bboff\u00a0\u00bb use_custom_width=\u00a0\u00bboff\u00a0\u00bb width_unit=\u00a0\u00bbon\u00a0\u00bb collapsed=\u00a0\u00bbon\u00a0\u00bb][et_pb_column type=\u00a0\u00bb3_4&Prime; specialty_columns=\u00a0\u00bb3&Prime; _builder_version=\u00a0\u00bb3.25&Prime; custom_padding=\u00a0\u00bb|||\u00a0\u00bb custom_padding__hover=\u00a0\u00bb|||\u00a0\u00bb][et_pb_row_inner _builder_version=\u00a0\u00bb4.4.1&Prime;][et_pb_column_inner saved_specialty_column_type=\u00a0\u00bb3_4&Prime; _builder_version=\u00a0\u00bb4.4.1&Prime;][et_pb_text _builder_version=\u00a0\u00bb4.4.1&Prime; text_font_size=\u00a0\u00bb15px\u00a0\u00bb text_line_height=\u00a0\u00bb1.8em\u00a0\u00bb header_2_font_size=\u00a0\u00bb31px\u00a0\u00bb header_2_line_height=\u00a0\u00bb2em\u00a0\u00bb hover_enabled=\u00a0\u00bb0&Prime;]Vous avez vos propres animaux que vous aimeriez faire transformer ? Veuillez nous appeler au 523-6432 ou nous envoyer un courriel \u00e0 <a href=\"mailto:spring@nb.sympatico.ca\">spring@nb.sympatico.ca<\/a> en fournissant les informations requises ci-dessous et nous prendrons rendez-vous !<\/p>\n<h2><strong>POULETS :<\/strong><\/h2>\n<p>&#8211; Nom et num\u00e9ro de t\u00e9l\u00e9phone requis<br \/>\n&#8211; Poulet de chair : 5 dollars par oiseau (mont\u00e9 en entier)<br \/>\n&#8211; Coqs ou poules pondeuses : 6 dollars par oiseau (mont\u00e9 en entier)<br \/>\n&#8211; 2 $ de plus par oiseau si vous voulez qu&rsquo;ils soient d\u00e9coup\u00e9s<br \/>\n&#8211; Les abats peuvent \u00eatre conserv\u00e9s (foie, c\u0153urs et\/ou g\u00e9siers) pour 25 \u00a2 par pi\u00e8ce<br \/>\n&#8211; Les clients doivent \u00eatre pr\u00e9sents avant 7h30 le mardi (si r\u00e9serv\u00e9 et confirm\u00e9)<br \/>\n&#8211; 60 oiseaux personnalis\u00e9s par semaine au maximum (nous avons aussi les n\u00f4tres)<br \/>\n&#8211; L&rsquo;heure de ramassage sera d\u00e9cid\u00e9e<\/p>\n<h2><strong>PORC :<\/strong><\/h2>\n<p>&#8211; Abattage &#8211; 25 $<br \/>\n&#8211; D\u00e9coupes de base en barquettes\/emball\u00e9s &#8211; 60 cents\/lb<br \/>\n&#8211; Jambons fum\u00e9s &#8211; 1,20 $\/lb<br \/>\n&#8211; Bacon fum\u00e9 et tranch\u00e9 &#8211; 1,50 $\/lb<br \/>\n&#8211; Saucisse &#8211; 1,75 $\/lb<br \/>\n&#8211; L&rsquo;heure de ramassage sera d\u00e9cid\u00e9e<\/p>\n<h2><strong>R\u00d4TIS DE PORC :<\/strong><\/h2>\n<p>(pour mariages\/\u00e9v\u00e9nements sp\u00e9ciaux, etc.)<br \/>\n&#8211; Nous pouvons servir aussi peu que 100 personnes, et jusqu&rsquo;\u00e0 250 personnes<br \/>\n&#8211; Les prix varient en fonction des besoins sp\u00e9cifiques, mais commencent \u00e0 1000 $<br \/>\n&#8211; Un d\u00e9p\u00f4t de 500 $ est requis<br \/>\n&#8211; Nom, num\u00e9ro de t\u00e9l\u00e9phone et lieu requis<br \/>\n[\/et_pb_text][\/et_pb_column_inner][\/et_pb_row_inner][et_pb_row_inner _builder_version=\u00a0\u00bb3.25&Prime; custom_padding=\u00a0\u00bb||5px|||\u00a0\u00bb][et_pb_column_inner saved_specialty_column_type=\u00a0\u00bb3_4&Prime; _builder_version=\u00a0\u00bb3.25&Prime; custom_padding=\u00a0\u00bb|||\u00a0\u00bb custom_padding__hover=\u00a0\u00bb|||\u00a0\u00bb][et_pb_divider color=\u00a0\u00bb#698087&Prime; divider_weight=\u00a0\u00bb8&Prime; _builder_version=\u00a0\u00bb3.23.4&Prime; height=\u00a0\u00bb0px\u00a0\u00bb custom_padding=\u00a0\u00bb||0px|||\u00a0\u00bb hide_on_mobile=\u00a0\u00bboff\u00a0\u00bb][\/et_pb_divider][\/et_pb_column_inner][\/et_pb_row_inner][\/et_pb_column][et_pb_column type=\u00a0\u00bb1_4&Prime; _builder_version=\u00a0\u00bb3.25&Prime; custom_padding=\u00a0\u00bb|||\u00a0\u00bb custom_padding__hover=\u00a0\u00bb|||\u00a0\u00bb][et_pb_sidebar orientation=\u00a0\u00bbright\u00a0\u00bb _builder_version=\u00a0\u00bb3.0.74&Prime;][\/et_pb_sidebar][\/et_pb_column][\/et_pb_section][et_pb_section fb_built=\u00a0\u00bb1&Prime; disabled_on=\u00a0\u00bbon|on|on\u00a0\u00bb admin_label=\u00a0\u00bbInfo Bar\u00a0\u00bb _builder_version=\u00a0\u00bb4.4.1&Prime; background_color=\u00a0\u00bb#698087&Prime; custom_padding=\u00a0\u00bb0px||0px|\u00a0\u00bb disabled=\u00a0\u00bbon\u00a0\u00bb global_module=\u00a0\u00bb840&Prime; collapsed=\u00a0\u00bbon\u00a0\u00bb][et_pb_row padding_mobile=\u00a0\u00bbon\u00a0\u00bb column_padding_mobile=\u00a0\u00bbon\u00a0\u00bb custom_padding_last_edited=\u00a0\u00bbon|\u00a0\u00bb admin_label=\u00a0\u00bbrow\u00a0\u00bb _builder_version=\u00a0\u00bb3.25&Prime; background_size=\u00a0\u00bbinitial\u00a0\u00bb background_position=\u00a0\u00bbtop_left\u00a0\u00bb background_repeat=\u00a0\u00bbrepeat\u00a0\u00bb width=\u00a0\u00bb90%\u00a0\u00bb max_width=\u00a0\u00bb1200px\u00a0\u00bb custom_margin_last_edited=\u00a0\u00bboff|desktop\u00a0\u00bb custom_padding=\u00a0\u00bb33px||33px|\u00a0\u00bb custom_padding_tablet=\u00a0\u00bb\u00a0\u00bb custom_padding_phone=\u00a0\u00bb\u00a0\u00bb make_fullwidth=\u00a0\u00bboff\u00a0\u00bb use_custom_width=\u00a0\u00bboff\u00a0\u00bb width_unit=\u00a0\u00bbon\u00a0\u00bb custom_width_px=\u00a0\u00bb980px\u00a0\u00bb][et_pb_column type=\u00a0\u00bb4_4&Prime; _builder_version=\u00a0\u00bb3.25&Prime; custom_padding=\u00a0\u00bb|8%||8%\u00a0\u00bb custom_padding_tablet=\u00a0\u00bb|6%||6%\u00a0\u00bb custom_padding_phone=\u00a0\u00bb\u00a0\u00bb custom_padding_last_edited=\u00a0\u00bbon|phone\u00a0\u00bb custom_padding__hover=\u00a0\u00bb|||\u00a0\u00bb][et_pb_text _builder_version=\u00a0\u00bb3.27.4&Prime; text_font=\u00a0\u00bb||||\u00a0\u00bb text_text_color=\u00a0\u00bb#ffffff\u00a0\u00bb text_line_height=\u00a0\u00bb1.4em\u00a0\u00bb background_size=\u00a0\u00bbinitial\u00a0\u00bb background_position=\u00a0\u00bbtop_left\u00a0\u00bb background_repeat=\u00a0\u00bbrepeat\u00a0\u00bb text_orientation=\u00a0\u00bbcenter\u00a0\u00bb background_layout=\u00a0\u00bbdark\u00a0\u00bb text_font_size_tablet=\u00a0\u00bb\u00a0\u00bb text_font_size_phone=\u00a0\u00bb\u00a0\u00bb text_font_size_last_edited=\u00a0\u00bbon|desktop\u00a0\u00bb text_line_height_tablet=\u00a0\u00bb\u00a0\u00bb text_line_height_phone=\u00a0\u00bb1.6em\u00a0\u00bb text_line_height_last_edited=\u00a0\u00bbon|desktop\u00a0\u00bb custom_css_main_element=\u00a0\u00bbfont-weight:400;\u00a0\u00bb use_border_color=\u00a0\u00bboff\u00a0\u00bb]<\/p>\n<h3>Important ! We offer FREE ground shipping or $5 two day shipping on orders over $100.<\/h3>\n<p>[\/et_pb_text][\/et_pb_column][\/et_pb_row][\/et_pb_section]<\/p>\n","protected":false},"excerpt":{"rendered":"<p>Vous avez vos propres animaux que vous aimeriez faire transformer ? Veuillez nous appeler au 523-6432 ou nous envoyer un courriel \u00e0 spring@nb.sympatico.ca en fournissant les informations requises ci-dessous et nous prendrons rendez-vous ! POULETS : &#8211; Nom et num\u00e9ro de t\u00e9l\u00e9phone requis &#8211; Poulet de chair : 5 dollars par oiseau (mont\u00e9 en entier) [&hellip;]<\/p>\n","protected":false},"author":85,"featured_media":0,"parent":0,"menu_order":0,"comment_status":"closed","ping_status":"closed","template":"","meta":{"_et_pb_use_builder":"on","_et_pb_old_content":"Vous avez vos propres animaux que vous aimeriez faire transformer ? Veuillez nous appeler au 523-6432 ou nous envoyer un courriel \u00e0 <a href=\"mailto:spring@nb.sympatico.ca\">spring@nb.sympatico.ca<\/a> en fournissant les informations requises ci-dessous et nous prendrons rendez-vous !\r\n\r\n<strong>POULETS :<\/strong>\r\n- Nom et num\u00e9ro de t\u00e9l\u00e9phone requis\r\n- Poulet de chair : 5 dollars par oiseau (mont\u00e9 en entier)\r\n- Coqs ou poules pondeuses : 6 dollars par oiseau (mont\u00e9 en entier)\r\n- 2 $ de plus par oiseau si vous voulez qu'ils soient d\u00e9coup\u00e9s\r\n- Les abats peuvent \u00eatre conserv\u00e9s (foie, c\u0153urs et\/ou g\u00e9siers) pour 25 \u00a2 par pi\u00e8ce\r\n- Les clients doivent \u00eatre pr\u00e9sents avant 7h30 le mardi (si r\u00e9serv\u00e9 et confirm\u00e9)\r\n- 60 oiseaux personnalis\u00e9s par semaine au maximum (nous avons aussi les n\u00f4tres)\r\n- L'heure de ramassage sera d\u00e9cid\u00e9e\r\n\r\n<strong>PORC :<\/strong>\r\n- Abattage - 25 $\r\n- D\u00e9coupes de base en barquettes\/emball\u00e9s - 60 cents\/lb\r\n- Jambons fum\u00e9s - 1,20 $\/lb\r\n- Bacon fum\u00e9 et tranch\u00e9 - 1,50 $\/lb\r\n- Saucisse - 1,75 $\/lb\r\n- L'heure de ramassage sera d\u00e9cid\u00e9e\r\n\r\n<strong>R\u00d4TIS DE PORC :<\/strong> (pour mariages\/\u00e9v\u00e9nements sp\u00e9ciaux, etc.)\r\n- Nous pouvons servir aussi peu que 100 personnes, et jusqu'\u00e0 250 personnes\r\n- Les prix varient en fonction des besoins sp\u00e9cifiques, mais commencent \u00e0 1000 $\r\n- Un d\u00e9p\u00f4t de 500 $ est requis\r\n- Nom, num\u00e9ro de t\u00e9l\u00e9phone et lieu requis","_et_gb_content_width":"","footnotes":""},"class_list":["post-3264","page","type-page","status-publish","hentry"],"_links":{"self":[{"href":"https:\/\/springbrookfarms.ca\/fr\/wp-json\/wp\/v2\/pages\/3264","targetHints":{"allow":["GET"]}}],"collection":[{"href":"https:\/\/springbrookfarms.ca\/fr\/wp-json\/wp\/v2\/pages"}],"about":[{"href":"https:\/\/springbrookfarms.ca\/fr\/wp-json\/wp\/v2\/types\/page"}],"author":[{"embeddable":true,"href":"https:\/\/springbrookfarms.ca\/fr\/wp-json\/wp\/v2\/users\/85"}],"replies":[{"embeddable":true,"href":"https:\/\/springbrookfarms.ca\/fr\/wp-json\/wp\/v2\/comments?post=3264"}],"version-history":[{"count":1,"href":"https:\/\/springbrookfarms.ca\/fr\/wp-json\/wp\/v2\/pages\/3264\/revisions"}],"predecessor-version":[{"id":3265,"href":"https:\/\/springbrookfarms.ca\/fr\/wp-json\/wp\/v2\/pages\/3264\/revisions\/3265"}],"wp:attachment":[{"href":"https:\/\/springbrookfarms.ca\/fr\/wp-json\/wp\/v2\/media?parent=3264"}],"curies":[{"name":"wp","href":"https:\/\/api.w.org\/{rel}","templated":true}]}}