{"id":3051,"date":"2013-12-03T16:50:09","date_gmt":"2013-12-03T20:50:09","guid":{"rendered":"https:\/\/springbrookfarms.ca\/shop\/non%20class\u00e9\/lanieres-de-boeuf-a-sautes\/"},"modified":"2024-05-02T12:48:20","modified_gmt":"2024-05-02T15:48:20","slug":"lanieres-de-boeuf-a-sautes","status":"publish","type":"product","link":"https:\/\/springbrookfarms.ca\/fr\/boutique\/boeuf\/boeuf-autres\/lanieres-de-boeuf-a-sautes\/","title":{"rendered":"Lani\u00e8res de boeuf \u00e0 saut\u00e9s"},"content":{"rendered":"","protected":false},"excerpt":{"rendered":"<p>Pr\u00e9parez rapidement un paquet de nos lani\u00e8res de saut\u00e9, ajoutez vos l\u00e9gumes et sauce pr\u00e9f\u00e9r\u00e9s et le tour est jou\u00e9! Vous avez soup\u00e9 en moins d&rsquo;une demi-heure. Environ 3\/4 lb par paquet. Le forfait moyen varie de 6,00 $ \u00e0 8,00 $.<\/p>\n<p>11 $ par livre<\/p>\n<p>Nous nous effor\u00e7ons de donner un prix approximatif de votre produit par paquet, mais il est factur\u00e9 au poids. Le prix final sera d\u00e9termin\u00e9 en fonction du poids lors de l&#8217;emballage.<\/p>\n","protected":false},"featured_media":0,"comment_status":"closed","ping_status":"closed","template":"","meta":{"_et_pb_use_builder":"","_et_pb_old_content":"","_et_gb_content_width":""},"product_brand":[],"product_cat":[84,87],"product_tag":[],"class_list":{"0":"post-3051","1":"product","2":"type-product","3":"status-publish","5":"product_cat-boeuf","6":"product_cat-boeuf-autres","8":"first","9":"instock","10":"shipping-taxable","11":"purchasable","12":"product-type-simple"},"_links":{"self":[{"href":"https:\/\/springbrookfarms.ca\/fr\/wp-json\/wp\/v2\/product\/3051","targetHints":{"allow":["GET"]}}],"collection":[{"href":"https:\/\/springbrookfarms.ca\/fr\/wp-json\/wp\/v2\/product"}],"about":[{"href":"https:\/\/springbrookfarms.ca\/fr\/wp-json\/wp\/v2\/types\/product"}],"replies":[{"embeddable":true,"href":"https:\/\/springbrookfarms.ca\/fr\/wp-json\/wp\/v2\/comments?post=3051"}],"wp:attachment":[{"href":"https:\/\/springbrookfarms.ca\/fr\/wp-json\/wp\/v2\/media?parent=3051"}],"wp:term":[{"taxonomy":"product_brand","embeddable":true,"href":"https:\/\/springbrookfarms.ca\/fr\/wp-json\/wp\/v2\/product_brand?post=3051"},{"taxonomy":"product_cat","embeddable":true,"href":"https:\/\/springbrookfarms.ca\/fr\/wp-json\/wp\/v2\/product_cat?post=3051"},{"taxonomy":"product_tag","embeddable":true,"href":"https:\/\/springbrookfarms.ca\/fr\/wp-json\/wp\/v2\/product_tag?post=3051"}],"curies":[{"name":"wp","href":"https:\/\/api.w.org\/{rel}","templated":true}]}}