{"id":3057,"date":"2013-12-03T16:47:21","date_gmt":"2013-12-03T20:47:21","guid":{"rendered":"https:\/\/springbrookfarms.ca\/shop\/non%20class\u00e9\/roti-de-boeuf-de-pointe-de-surlonge\/"},"modified":"2024-05-02T12:48:49","modified_gmt":"2024-05-02T15:48:49","slug":"roti-de-boeuf-de-pointe-de-surlonge","status":"publish","type":"product","link":"https:\/\/springbrookfarms.ca\/fr\/boutique\/boeuf\/boeuf-rotis\/roti-de-boeuf-de-pointe-de-surlonge\/","title":{"rendered":"R\u00f4ti de boeuf de pointe de surlonge"},"content":{"rendered":"","protected":false},"excerpt":{"rendered":"<p>De taille uniforme, maigre et savoureux. Il est pr\u00e9f\u00e9rable de le faire au four \u00e0 feu vif. Le prix moyen par paquet varie de 15,00 $ \u00e0 20,00 $.<\/p>\n<p><strong>9,00 $ par livre<\/strong><\/p>\n<p><em><strong>Nous nous effor\u00e7ons de donner un prix approximatif de votre produit par paquet, mais il est factur\u00e9 au poids. Le prix final sera d\u00e9termin\u00e9 en fonction du poids lors de l&#8217;emballage.<\/strong><\/em><\/p>\n","protected":false},"featured_media":0,"comment_status":"closed","ping_status":"closed","template":"","meta":{"_et_pb_use_builder":"","_et_pb_old_content":"","_et_gb_content_width":""},"product_brand":[],"product_cat":[84,88],"product_tag":[],"class_list":{"0":"post-3057","1":"product","2":"type-product","3":"status-publish","5":"product_cat-boeuf","6":"product_cat-boeuf-rotis","8":"first","9":"outofstock","10":"shipping-taxable","11":"purchasable","12":"product-type-simple"},"_links":{"self":[{"href":"https:\/\/springbrookfarms.ca\/fr\/wp-json\/wp\/v2\/product\/3057","targetHints":{"allow":["GET"]}}],"collection":[{"href":"https:\/\/springbrookfarms.ca\/fr\/wp-json\/wp\/v2\/product"}],"about":[{"href":"https:\/\/springbrookfarms.ca\/fr\/wp-json\/wp\/v2\/types\/product"}],"replies":[{"embeddable":true,"href":"https:\/\/springbrookfarms.ca\/fr\/wp-json\/wp\/v2\/comments?post=3057"}],"wp:attachment":[{"href":"https:\/\/springbrookfarms.ca\/fr\/wp-json\/wp\/v2\/media?parent=3057"}],"wp:term":[{"taxonomy":"product_brand","embeddable":true,"href":"https:\/\/springbrookfarms.ca\/fr\/wp-json\/wp\/v2\/product_brand?post=3057"},{"taxonomy":"product_cat","embeddable":true,"href":"https:\/\/springbrookfarms.ca\/fr\/wp-json\/wp\/v2\/product_cat?post=3057"},{"taxonomy":"product_tag","embeddable":true,"href":"https:\/\/springbrookfarms.ca\/fr\/wp-json\/wp\/v2\/product_tag?post=3057"}],"curies":[{"name":"wp","href":"https:\/\/api.w.org\/{rel}","templated":true}]}}