{"id":3066,"date":"2013-12-03T13:28:58","date_gmt":"2013-12-03T17:28:58","guid":{"rendered":"https:\/\/springbrookfarms.ca\/shop\/non%20class\u00e9\/poitrine-de-poulet-avec-os\/"},"modified":"2024-05-02T12:26:02","modified_gmt":"2024-05-02T15:26:02","slug":"poitrine-de-poulet-avec-os","status":"publish","type":"product","link":"https:\/\/springbrookfarms.ca\/fr\/boutique\/poulet\/poulet-poitrines\/poitrine-de-poulet-avec-os\/","title":{"rendered":"Poitrine de poulet avec os"},"content":{"rendered":"","protected":false},"excerpt":{"rendered":"<p>Parfait pour le r\u00f4tissage et le BBQ, \u00e9galement excellent pour la pr\u00e9paration de toutes les soupes de poulet \u00e0 base de viande blanche. G\u00e9n\u00e9ralement pr\u00e9par\u00e9 en paquets d&rsquo;une seule pi\u00e8ce, le prix moyen d&rsquo;une poitrine est de 6 \u00e0 8 dollars.<\/p>\n<p><strong>17,00 $ le kg<\/strong><\/p>\n<p><em><strong>Nous nous effor\u00e7ons de donner un prix approximatif de votre produit par paquet, mais le prix est calcul\u00e9 au poids. Le prix final sera d\u00e9termin\u00e9 par le poids lors de l&#8217;emballage.<\/strong><\/em><\/p>\n","protected":false},"featured_media":0,"comment_status":"closed","ping_status":"closed","template":"","meta":{"_et_pb_use_builder":"","_et_pb_old_content":"","_et_gb_content_width":""},"product_brand":[],"product_cat":[90,91],"product_tag":[],"class_list":{"0":"post-3066","1":"product","2":"type-product","3":"status-publish","5":"product_cat-poulet","6":"product_cat-poulet-poitrines","8":"first","9":"instock","10":"shipping-taxable","11":"purchasable","12":"product-type-simple"},"_links":{"self":[{"href":"https:\/\/springbrookfarms.ca\/fr\/wp-json\/wp\/v2\/product\/3066","targetHints":{"allow":["GET"]}}],"collection":[{"href":"https:\/\/springbrookfarms.ca\/fr\/wp-json\/wp\/v2\/product"}],"about":[{"href":"https:\/\/springbrookfarms.ca\/fr\/wp-json\/wp\/v2\/types\/product"}],"replies":[{"embeddable":true,"href":"https:\/\/springbrookfarms.ca\/fr\/wp-json\/wp\/v2\/comments?post=3066"}],"wp:attachment":[{"href":"https:\/\/springbrookfarms.ca\/fr\/wp-json\/wp\/v2\/media?parent=3066"}],"wp:term":[{"taxonomy":"product_brand","embeddable":true,"href":"https:\/\/springbrookfarms.ca\/fr\/wp-json\/wp\/v2\/product_brand?post=3066"},{"taxonomy":"product_cat","embeddable":true,"href":"https:\/\/springbrookfarms.ca\/fr\/wp-json\/wp\/v2\/product_cat?post=3066"},{"taxonomy":"product_tag","embeddable":true,"href":"https:\/\/springbrookfarms.ca\/fr\/wp-json\/wp\/v2\/product_tag?post=3066"}],"curies":[{"name":"wp","href":"https:\/\/api.w.org\/{rel}","templated":true}]}}