{"id":3070,"date":"2013-12-03T13:28:27","date_gmt":"2013-12-03T17:28:27","guid":{"rendered":"https:\/\/springbrookfarms.ca\/shop\/non%20class\u00e9\/poitrine-desossee-sans-peau\/"},"modified":"2024-05-02T12:26:15","modified_gmt":"2024-05-02T15:26:15","slug":"poitrine-desossee-sans-peau","status":"publish","type":"product","link":"https:\/\/springbrookfarms.ca\/fr\/boutique\/poulet\/poulet-poitrines\/poitrine-desossee-sans-peau\/","title":{"rendered":"Poitrine d\u00e9soss\u00e9e sans peau"},"content":{"rendered":"","protected":false},"excerpt":{"rendered":"<p>Sans eau ni sel ajout\u00e9s, ces seins ne r\u00e9tr\u00e9ciront pas! Environ 6 \u00e0 8 poitrines de poulet d\u00e9soss\u00e9es et sans peau par emballage.<\/p>\n<p>Emballage d\u2019environ 2 kg.<\/p>\n","protected":false},"featured_media":0,"comment_status":"closed","ping_status":"closed","template":"","meta":{"_et_pb_use_builder":"","_et_pb_old_content":"","_et_gb_content_width":""},"product_brand":[],"product_cat":[90,91],"product_tag":[],"class_list":{"0":"post-3070","1":"product","2":"type-product","3":"status-publish","5":"product_cat-poulet","6":"product_cat-poulet-poitrines","8":"first","9":"instock","10":"shipping-taxable","11":"purchasable","12":"product-type-simple"},"_links":{"self":[{"href":"https:\/\/springbrookfarms.ca\/fr\/wp-json\/wp\/v2\/product\/3070","targetHints":{"allow":["GET"]}}],"collection":[{"href":"https:\/\/springbrookfarms.ca\/fr\/wp-json\/wp\/v2\/product"}],"about":[{"href":"https:\/\/springbrookfarms.ca\/fr\/wp-json\/wp\/v2\/types\/product"}],"replies":[{"embeddable":true,"href":"https:\/\/springbrookfarms.ca\/fr\/wp-json\/wp\/v2\/comments?post=3070"}],"wp:attachment":[{"href":"https:\/\/springbrookfarms.ca\/fr\/wp-json\/wp\/v2\/media?parent=3070"}],"wp:term":[{"taxonomy":"product_brand","embeddable":true,"href":"https:\/\/springbrookfarms.ca\/fr\/wp-json\/wp\/v2\/product_brand?post=3070"},{"taxonomy":"product_cat","embeddable":true,"href":"https:\/\/springbrookfarms.ca\/fr\/wp-json\/wp\/v2\/product_cat?post=3070"},{"taxonomy":"product_tag","embeddable":true,"href":"https:\/\/springbrookfarms.ca\/fr\/wp-json\/wp\/v2\/product_tag?post=3070"}],"curies":[{"name":"wp","href":"https:\/\/api.w.org\/{rel}","templated":true}]}}