{"id":3072,"date":"2013-12-03T13:37:33","date_gmt":"2013-12-03T17:37:33","guid":{"rendered":"https:\/\/springbrookfarms.ca\/shop\/non%20class\u00e9\/pattes-de-poulet\/"},"modified":"2024-05-15T13:46:26","modified_gmt":"2024-05-15T16:46:26","slug":"pattes-de-poulet","status":"publish","type":"product","link":"https:\/\/springbrookfarms.ca\/fr\/boutique\/poulet\/poulet-autres\/pattes-de-poulet\/","title":{"rendered":"Pattes de poulet"},"content":{"rendered":"","protected":false},"excerpt":{"rendered":"<p>Id\u00e9ales pour le bouillon de soupe, les pattes de poulet contiennent beaucoup de collag\u00e8ne et de nutriments. Elles constituent \u00e9galement un go\u00fbter savoureux pour le meilleur ami de l&rsquo;homme ! Normalement, elles sont pr\u00e9par\u00e9es en sacs de 4 livres, mais il est possible de les commander sur mesure avec des poids sp\u00e9cifiques.<\/p>\n<p><strong>3 $\/lb<\/strong><\/p>\n","protected":false},"featured_media":0,"comment_status":"closed","ping_status":"closed","template":"","meta":{"_et_pb_use_builder":"","_et_pb_old_content":"","_et_gb_content_width":""},"product_brand":[],"product_cat":[90,93],"product_tag":[],"class_list":{"0":"post-3072","1":"product","2":"type-product","3":"status-publish","5":"product_cat-poulet","6":"product_cat-poulet-autres","8":"first","9":"instock","10":"shipping-taxable","11":"purchasable","12":"product-type-simple"},"_links":{"self":[{"href":"https:\/\/springbrookfarms.ca\/fr\/wp-json\/wp\/v2\/product\/3072","targetHints":{"allow":["GET"]}}],"collection":[{"href":"https:\/\/springbrookfarms.ca\/fr\/wp-json\/wp\/v2\/product"}],"about":[{"href":"https:\/\/springbrookfarms.ca\/fr\/wp-json\/wp\/v2\/types\/product"}],"replies":[{"embeddable":true,"href":"https:\/\/springbrookfarms.ca\/fr\/wp-json\/wp\/v2\/comments?post=3072"}],"wp:attachment":[{"href":"https:\/\/springbrookfarms.ca\/fr\/wp-json\/wp\/v2\/media?parent=3072"}],"wp:term":[{"taxonomy":"product_brand","embeddable":true,"href":"https:\/\/springbrookfarms.ca\/fr\/wp-json\/wp\/v2\/product_brand?post=3072"},{"taxonomy":"product_cat","embeddable":true,"href":"https:\/\/springbrookfarms.ca\/fr\/wp-json\/wp\/v2\/product_cat?post=3072"},{"taxonomy":"product_tag","embeddable":true,"href":"https:\/\/springbrookfarms.ca\/fr\/wp-json\/wp\/v2\/product_tag?post=3072"}],"curies":[{"name":"wp","href":"https:\/\/api.w.org\/{rel}","templated":true}]}}