{"id":3075,"date":"2013-12-03T13:37:05","date_gmt":"2013-12-03T17:37:05","guid":{"rendered":"https:\/\/springbrookfarms.ca\/shop\/non%20class\u00e9\/hamburgers-au-poulet-a-lail\/"},"modified":"2024-05-15T13:46:35","modified_gmt":"2024-05-15T16:46:35","slug":"hamburgers-au-poulet-a-lail","status":"publish","type":"product","link":"https:\/\/springbrookfarms.ca\/fr\/boutique\/poulet\/poulet-autres\/hamburgers-au-poulet-a-lail\/","title":{"rendered":"Hamburgers au poulet \u00e0 l&rsquo;ail"},"content":{"rendered":"","protected":false},"excerpt":{"rendered":"<p>Rien que du poulet hach\u00e9 m\u00e9lang\u00e9 \u00e0 des feuilles d&rsquo;ail vert. D\u00e9licieuse alternative aux hamburgers de boeuf. 4 onces chacun, 2 par paquet.<\/p>\n","protected":false},"featured_media":0,"comment_status":"closed","ping_status":"closed","template":"","meta":{"_et_pb_use_builder":"","_et_pb_old_content":"","_et_gb_content_width":""},"product_brand":[],"product_cat":[90,93],"product_tag":[],"class_list":{"0":"post-3075","1":"product","2":"type-product","3":"status-publish","5":"product_cat-poulet","6":"product_cat-poulet-autres","8":"first","9":"instock","10":"shipping-taxable","11":"purchasable","12":"product-type-simple"},"_links":{"self":[{"href":"https:\/\/springbrookfarms.ca\/fr\/wp-json\/wp\/v2\/product\/3075","targetHints":{"allow":["GET"]}}],"collection":[{"href":"https:\/\/springbrookfarms.ca\/fr\/wp-json\/wp\/v2\/product"}],"about":[{"href":"https:\/\/springbrookfarms.ca\/fr\/wp-json\/wp\/v2\/types\/product"}],"replies":[{"embeddable":true,"href":"https:\/\/springbrookfarms.ca\/fr\/wp-json\/wp\/v2\/comments?post=3075"}],"wp:attachment":[{"href":"https:\/\/springbrookfarms.ca\/fr\/wp-json\/wp\/v2\/media?parent=3075"}],"wp:term":[{"taxonomy":"product_brand","embeddable":true,"href":"https:\/\/springbrookfarms.ca\/fr\/wp-json\/wp\/v2\/product_brand?post=3075"},{"taxonomy":"product_cat","embeddable":true,"href":"https:\/\/springbrookfarms.ca\/fr\/wp-json\/wp\/v2\/product_cat?post=3075"},{"taxonomy":"product_tag","embeddable":true,"href":"https:\/\/springbrookfarms.ca\/fr\/wp-json\/wp\/v2\/product_tag?post=3075"}],"curies":[{"name":"wp","href":"https:\/\/api.w.org\/{rel}","templated":true}]}}