{"id":3081,"date":"2013-12-03T13:25:40","date_gmt":"2013-12-03T17:25:40","guid":{"rendered":"https:\/\/springbrookfarms.ca\/shop\/non%20class\u00e9\/%c2%bd-poulet\/"},"modified":"2024-05-14T12:46:30","modified_gmt":"2024-05-14T15:46:30","slug":"%c2%bd-poulet","status":"publish","type":"product","link":"https:\/\/springbrookfarms.ca\/fr\/boutique\/poulet\/poulet-entier\/%c2%bd-poulet\/","title":{"rendered":"\u00bd Poulet"},"content":{"rendered":"","protected":false},"excerpt":{"rendered":"<p>Le prix moyen varie de 9,00 $ \u00e0 12,00 $.<\/p>\n<p><strong>9,00 $ par kg<\/strong><\/p>\n<p><em><strong>Nous nous effor\u00e7ons de donner un prix approximatif de votre produit par paquet, mais il est factur\u00e9 au poids. Le prix final sera d\u00e9termin\u00e9 en fonction du poids lors de l&#8217;emballage.<\/strong><\/em><\/p>\n","protected":false},"featured_media":0,"comment_status":"closed","ping_status":"closed","template":"","meta":{"_et_pb_use_builder":"","_et_pb_old_content":"","_et_gb_content_width":""},"product_brand":[],"product_cat":[90,96],"product_tag":[],"class_list":{"0":"post-3081","1":"product","2":"type-product","3":"status-publish","5":"product_cat-poulet","6":"product_cat-poulet-entier","8":"first","9":"outofstock","10":"shipping-taxable","11":"purchasable","12":"product-type-simple"},"_links":{"self":[{"href":"https:\/\/springbrookfarms.ca\/fr\/wp-json\/wp\/v2\/product\/3081","targetHints":{"allow":["GET"]}}],"collection":[{"href":"https:\/\/springbrookfarms.ca\/fr\/wp-json\/wp\/v2\/product"}],"about":[{"href":"https:\/\/springbrookfarms.ca\/fr\/wp-json\/wp\/v2\/types\/product"}],"replies":[{"embeddable":true,"href":"https:\/\/springbrookfarms.ca\/fr\/wp-json\/wp\/v2\/comments?post=3081"}],"wp:attachment":[{"href":"https:\/\/springbrookfarms.ca\/fr\/wp-json\/wp\/v2\/media?parent=3081"}],"wp:term":[{"taxonomy":"product_brand","embeddable":true,"href":"https:\/\/springbrookfarms.ca\/fr\/wp-json\/wp\/v2\/product_brand?post=3081"},{"taxonomy":"product_cat","embeddable":true,"href":"https:\/\/springbrookfarms.ca\/fr\/wp-json\/wp\/v2\/product_cat?post=3081"},{"taxonomy":"product_tag","embeddable":true,"href":"https:\/\/springbrookfarms.ca\/fr\/wp-json\/wp\/v2\/product_tag?post=3081"}],"curies":[{"name":"wp","href":"https:\/\/api.w.org\/{rel}","templated":true}]}}