{"id":3089,"date":"2013-12-03T13:34:12","date_gmt":"2013-12-03T17:34:12","guid":{"rendered":"https:\/\/springbrookfarms.ca\/shop\/non%20class\u00e9\/cuisses-desossees-sans-peau-pour-famille\/"},"modified":"2024-05-02T12:38:32","modified_gmt":"2024-05-02T15:38:32","slug":"cuisses-desossees-sans-peau-pour-famille","status":"publish","type":"product","link":"https:\/\/springbrookfarms.ca\/fr\/boutique\/poulet\/poulet-morceaux\/cuisses-desossees-sans-peau-pour-famille\/","title":{"rendered":"Hauts de cuisses d\u00e9soss\u00e9es sans peau pour famille"},"content":{"rendered":"","protected":false},"excerpt":{"rendered":"<p>Farcissez-les et enveloppez-les dans du bacon. Ou placez-les dans la mijoteuse pour un souper facile. Nos cuisses ont de la viande blanche et fonc\u00e9e. Commandez \u00e0 la pi\u00e8ce. Le prix moyen des pi\u00e8ces varie de 1,00 $ \u00e0 2,50 $.<\/p>\n<p><strong>9,75 $ la livre<\/strong><\/p>\n<p><em><strong>Nous nous effor\u00e7ons de donner un prix approximatif de votre produit par paquet, mais il est factur\u00e9 au poids. Le prix final sera d\u00e9termin\u00e9 en fonction du poids lors de l&#8217;emballage.<\/strong><\/em><\/p>\n","protected":false},"featured_media":0,"comment_status":"closed","ping_status":"closed","template":"","meta":{"_et_pb_use_builder":"","_et_pb_old_content":"","_et_gb_content_width":""},"product_brand":[],"product_cat":[90,94],"product_tag":[],"class_list":{"0":"post-3089","1":"product","2":"type-product","3":"status-publish","5":"product_cat-poulet","6":"product_cat-poulet-morceaux","8":"first","9":"instock","10":"shipping-taxable","11":"purchasable","12":"product-type-simple"},"_links":{"self":[{"href":"https:\/\/springbrookfarms.ca\/fr\/wp-json\/wp\/v2\/product\/3089","targetHints":{"allow":["GET"]}}],"collection":[{"href":"https:\/\/springbrookfarms.ca\/fr\/wp-json\/wp\/v2\/product"}],"about":[{"href":"https:\/\/springbrookfarms.ca\/fr\/wp-json\/wp\/v2\/types\/product"}],"replies":[{"embeddable":true,"href":"https:\/\/springbrookfarms.ca\/fr\/wp-json\/wp\/v2\/comments?post=3089"}],"wp:attachment":[{"href":"https:\/\/springbrookfarms.ca\/fr\/wp-json\/wp\/v2\/media?parent=3089"}],"wp:term":[{"taxonomy":"product_brand","embeddable":true,"href":"https:\/\/springbrookfarms.ca\/fr\/wp-json\/wp\/v2\/product_brand?post=3089"},{"taxonomy":"product_cat","embeddable":true,"href":"https:\/\/springbrookfarms.ca\/fr\/wp-json\/wp\/v2\/product_cat?post=3089"},{"taxonomy":"product_tag","embeddable":true,"href":"https:\/\/springbrookfarms.ca\/fr\/wp-json\/wp\/v2\/product_tag?post=3089"}],"curies":[{"name":"wp","href":"https:\/\/api.w.org\/{rel}","templated":true}]}}