{"id":3095,"date":"2018-03-26T13:10:58","date_gmt":"2018-03-26T16:10:58","guid":{"rendered":"https:\/\/springbrookfarms.ca\/shop\/non%20class\u00e9\/haut-de-cuisse-petit\/"},"modified":"2024-05-02T12:36:30","modified_gmt":"2024-05-02T15:36:30","slug":"haut-de-cuisse-petit","status":"publish","type":"product","link":"https:\/\/springbrookfarms.ca\/fr\/boutique\/poulet\/poulet-morceaux\/haut-de-cuisse-petit\/","title":{"rendered":"Haut de cuisse \u2013 petit"},"content":{"rendered":"","protected":false},"excerpt":{"rendered":"<p>Paquet de 5 avec os, peau sur les cuisses.<\/p>\n<p><strong>9,00 $ par kg<\/strong><\/p>\n<p><em><strong>Nous nous effor\u00e7ons de donner un prix approximatif de votre produit par paquet, mais il est factur\u00e9 au poids. Le prix final sera d\u00e9termin\u00e9 en fonction du poids lors de l&#8217;emballage.<\/strong><\/em><\/p>\n","protected":false},"featured_media":5001,"comment_status":"closed","ping_status":"closed","template":"","meta":{"_et_pb_use_builder":"","_et_pb_old_content":"","_et_gb_content_width":""},"product_brand":[],"product_cat":[90,94],"product_tag":[],"class_list":{"0":"post-3095","1":"product","2":"type-product","3":"status-publish","4":"has-post-thumbnail","6":"product_cat-poulet","7":"product_cat-poulet-morceaux","9":"first","10":"instock","11":"shipping-taxable","12":"purchasable","13":"product-type-simple"},"_links":{"self":[{"href":"https:\/\/springbrookfarms.ca\/fr\/wp-json\/wp\/v2\/product\/3095","targetHints":{"allow":["GET"]}}],"collection":[{"href":"https:\/\/springbrookfarms.ca\/fr\/wp-json\/wp\/v2\/product"}],"about":[{"href":"https:\/\/springbrookfarms.ca\/fr\/wp-json\/wp\/v2\/types\/product"}],"replies":[{"embeddable":true,"href":"https:\/\/springbrookfarms.ca\/fr\/wp-json\/wp\/v2\/comments?post=3095"}],"wp:featuredmedia":[{"embeddable":true,"href":"https:\/\/springbrookfarms.ca\/fr\/wp-json\/wp\/v2\/media\/5001"}],"wp:attachment":[{"href":"https:\/\/springbrookfarms.ca\/fr\/wp-json\/wp\/v2\/media?parent=3095"}],"wp:term":[{"taxonomy":"product_brand","embeddable":true,"href":"https:\/\/springbrookfarms.ca\/fr\/wp-json\/wp\/v2\/product_brand?post=3095"},{"taxonomy":"product_cat","embeddable":true,"href":"https:\/\/springbrookfarms.ca\/fr\/wp-json\/wp\/v2\/product_cat?post=3095"},{"taxonomy":"product_tag","embeddable":true,"href":"https:\/\/springbrookfarms.ca\/fr\/wp-json\/wp\/v2\/product_tag?post=3095"}],"curies":[{"name":"wp","href":"https:\/\/api.w.org\/{rel}","templated":true}]}}