{"id":3107,"date":"2016-06-27T13:57:16","date_gmt":"2016-06-27T16:57:16","guid":{"rendered":"https:\/\/springbrookfarms.ca\/shop\/non%20class\u00e9\/saucisse-de-poulet-a-la-tomate-sechee-au-soleil-et-au-basilic-sans-gluten\/"},"modified":"2024-05-02T12:43:19","modified_gmt":"2024-05-02T15:43:19","slug":"saucisse-de-poulet-a-la-tomate-sechee-au-soleil-et-au-basilic-sans-gluten","status":"publish","type":"product","link":"https:\/\/springbrookfarms.ca\/fr\/boutique\/poulet\/poulet-saucisses-fr\/saucisse-de-poulet-a-la-tomate-sechee-au-soleil-et-au-basilic-sans-gluten\/","title":{"rendered":"Saucisse de poulet \u00e0 la tomate s\u00e9ch\u00e9e au soleil et au basilic (Sans gluten)"},"content":{"rendered":"","protected":false},"excerpt":{"rendered":"","protected":false},"featured_media":0,"comment_status":"closed","ping_status":"closed","template":"","meta":{"_et_pb_use_builder":"","_et_pb_old_content":"","_et_gb_content_width":""},"product_brand":[],"product_cat":[90,95],"product_tag":[],"class_list":{"0":"post-3107","1":"product","2":"type-product","3":"status-publish","5":"product_cat-poulet","6":"product_cat-poulet-saucisses-fr","8":"first","9":"instock","10":"shipping-taxable","11":"purchasable","12":"product-type-simple"},"_links":{"self":[{"href":"https:\/\/springbrookfarms.ca\/fr\/wp-json\/wp\/v2\/product\/3107","targetHints":{"allow":["GET"]}}],"collection":[{"href":"https:\/\/springbrookfarms.ca\/fr\/wp-json\/wp\/v2\/product"}],"about":[{"href":"https:\/\/springbrookfarms.ca\/fr\/wp-json\/wp\/v2\/types\/product"}],"replies":[{"embeddable":true,"href":"https:\/\/springbrookfarms.ca\/fr\/wp-json\/wp\/v2\/comments?post=3107"}],"wp:attachment":[{"href":"https:\/\/springbrookfarms.ca\/fr\/wp-json\/wp\/v2\/media?parent=3107"}],"wp:term":[{"taxonomy":"product_brand","embeddable":true,"href":"https:\/\/springbrookfarms.ca\/fr\/wp-json\/wp\/v2\/product_brand?post=3107"},{"taxonomy":"product_cat","embeddable":true,"href":"https:\/\/springbrookfarms.ca\/fr\/wp-json\/wp\/v2\/product_cat?post=3107"},{"taxonomy":"product_tag","embeddable":true,"href":"https:\/\/springbrookfarms.ca\/fr\/wp-json\/wp\/v2\/product_tag?post=3107"}],"curies":[{"name":"wp","href":"https:\/\/api.w.org\/{rel}","templated":true}]}}