{"id":3111,"date":"2014-01-14T16:10:53","date_gmt":"2014-01-14T20:10:53","guid":{"rendered":"https:\/\/springbrookfarms.ca\/shop\/non%20class\u00e9\/poulet-bbq\/"},"modified":"2024-05-02T12:45:29","modified_gmt":"2024-05-02T15:45:29","slug":"poulet-bbq","status":"publish","type":"product","link":"https:\/\/springbrookfarms.ca\/fr\/boutique\/poulet\/poulet-entier\/poulet-bbq\/","title":{"rendered":"Poulet BBQ"},"content":{"rendered":"","protected":false},"excerpt":{"rendered":"<p>Aussi connu sous le nom de poulet spatcock. Colonne vert\u00e9brale enlev\u00e9e et triangle bris\u00e9 pour permettre \u00e0 l&rsquo;oiseau de se coucher \u00e0 plat sur le barbecue. La fourchette de prix moyenne est de 17,00 $ \u00e0 22,00 $.<\/p>\n<p><strong>8,75 $ par kg<\/strong><\/p>\n<p><em><strong>Nous nous effor\u00e7ons de donner un prix approximatif de votre produit par paquet, mais il est factur\u00e9 au poids. Le prix final sera d\u00e9termin\u00e9 en fonction du poids lors de l&#8217;emballage.<\/strong><\/em><\/p>\n","protected":false},"featured_media":5376,"comment_status":"closed","ping_status":"closed","template":"","meta":{"_et_pb_use_builder":"","_et_pb_old_content":"","_et_gb_content_width":""},"product_brand":[],"product_cat":[90,96],"product_tag":[],"class_list":{"0":"post-3111","1":"product","2":"type-product","3":"status-publish","4":"has-post-thumbnail","6":"product_cat-poulet","7":"product_cat-poulet-entier","9":"first","10":"outofstock","11":"shipping-taxable","12":"purchasable","13":"product-type-simple"},"_links":{"self":[{"href":"https:\/\/springbrookfarms.ca\/fr\/wp-json\/wp\/v2\/product\/3111","targetHints":{"allow":["GET"]}}],"collection":[{"href":"https:\/\/springbrookfarms.ca\/fr\/wp-json\/wp\/v2\/product"}],"about":[{"href":"https:\/\/springbrookfarms.ca\/fr\/wp-json\/wp\/v2\/types\/product"}],"replies":[{"embeddable":true,"href":"https:\/\/springbrookfarms.ca\/fr\/wp-json\/wp\/v2\/comments?post=3111"}],"wp:featuredmedia":[{"embeddable":true,"href":"https:\/\/springbrookfarms.ca\/fr\/wp-json\/wp\/v2\/media\/5376"}],"wp:attachment":[{"href":"https:\/\/springbrookfarms.ca\/fr\/wp-json\/wp\/v2\/media?parent=3111"}],"wp:term":[{"taxonomy":"product_brand","embeddable":true,"href":"https:\/\/springbrookfarms.ca\/fr\/wp-json\/wp\/v2\/product_brand?post=3111"},{"taxonomy":"product_cat","embeddable":true,"href":"https:\/\/springbrookfarms.ca\/fr\/wp-json\/wp\/v2\/product_cat?post=3111"},{"taxonomy":"product_tag","embeddable":true,"href":"https:\/\/springbrookfarms.ca\/fr\/wp-json\/wp\/v2\/product_tag?post=3111"}],"curies":[{"name":"wp","href":"https:\/\/api.w.org\/{rel}","templated":true}]}}