{"id":3113,"date":"2014-03-18T17:04:38","date_gmt":"2014-03-18T20:04:38","guid":{"rendered":"https:\/\/springbrookfarms.ca\/shop\/non%20class\u00e9\/poulet-entier-gros\/"},"modified":"2024-12-16T15:59:39","modified_gmt":"2024-12-16T19:59:39","slug":"poulet-entier-gros","status":"publish","type":"product","link":"https:\/\/springbrookfarms.ca\/fr\/boutique\/poulet\/poulet-entier\/poulet-entier-gros\/","title":{"rendered":"Poulet entier \u2013 gros"},"content":{"rendered":"","protected":false},"excerpt":{"rendered":"<p>Soyez pr\u00eat pour beaucoup de viande sur un poulet Springbrook. R\u00f4tissez \u00e0 375 avec vos herbes pr\u00e9f\u00e9r\u00e9es pour un excellent d\u00eener de poulet r\u00f4ti. Nos gros poulets varient en prix de 23,00 $ \u00e0 26,00 $<\/p>\n<p><strong>8,00 $ par kg<\/strong><\/p>\n<p><em><strong>Nous nous effor\u00e7ons de donner un prix approximatif de votre produit par paquet, mais il est factur\u00e9 au poids. Le prix final sera d\u00e9termin\u00e9 en fonction du poids lors de l&#8217;emballage.<\/strong><\/em><\/p>\n","protected":false},"featured_media":0,"comment_status":"closed","ping_status":"closed","template":"","meta":{"_et_pb_use_builder":"","_et_pb_old_content":"","_et_gb_content_width":""},"product_brand":[],"product_cat":[90,96],"product_tag":[],"class_list":{"0":"post-3113","1":"product","2":"type-product","3":"status-publish","5":"product_cat-poulet","6":"product_cat-poulet-entier","8":"first","9":"instock","10":"shipping-taxable","11":"purchasable","12":"product-type-simple"},"_links":{"self":[{"href":"https:\/\/springbrookfarms.ca\/fr\/wp-json\/wp\/v2\/product\/3113","targetHints":{"allow":["GET"]}}],"collection":[{"href":"https:\/\/springbrookfarms.ca\/fr\/wp-json\/wp\/v2\/product"}],"about":[{"href":"https:\/\/springbrookfarms.ca\/fr\/wp-json\/wp\/v2\/types\/product"}],"replies":[{"embeddable":true,"href":"https:\/\/springbrookfarms.ca\/fr\/wp-json\/wp\/v2\/comments?post=3113"}],"wp:attachment":[{"href":"https:\/\/springbrookfarms.ca\/fr\/wp-json\/wp\/v2\/media?parent=3113"}],"wp:term":[{"taxonomy":"product_brand","embeddable":true,"href":"https:\/\/springbrookfarms.ca\/fr\/wp-json\/wp\/v2\/product_brand?post=3113"},{"taxonomy":"product_cat","embeddable":true,"href":"https:\/\/springbrookfarms.ca\/fr\/wp-json\/wp\/v2\/product_cat?post=3113"},{"taxonomy":"product_tag","embeddable":true,"href":"https:\/\/springbrookfarms.ca\/fr\/wp-json\/wp\/v2\/product_tag?post=3113"}],"curies":[{"name":"wp","href":"https:\/\/api.w.org\/{rel}","templated":true}]}}