{"id":3196,"date":"2013-12-04T16:17:01","date_gmt":"2013-12-04T20:17:01","guid":{"rendered":"https:\/\/springbrookfarms.ca\/shop\/non%20class\u00e9\/cotelettes-de-porc-a-cuisson-rapide\/"},"modified":"2024-05-02T12:59:24","modified_gmt":"2024-05-02T15:59:24","slug":"cotelettes-de-porc-a-cuisson-rapide","status":"publish","type":"product","link":"https:\/\/springbrookfarms.ca\/fr\/boutique\/porc\/porc-cotelettes\/cotelettes-de-porc-a-cuisson-rapide\/","title":{"rendered":"C\u00f4telettes de porc \u00e0 cuisson rapide"},"content":{"rendered":"","protected":false},"excerpt":{"rendered":"<p>De fines tranches d&rsquo;os en c\u00f4telettes au go\u00fbt excellent, parfaites pour les d\u00eeners rapides en semaine. Paquet de 4. Le prix moyen par paquet varie entre 4,00 et 7,00 dollars.<\/p>\n<p><strong>6,00 $ la livre<\/strong><\/p>\n<p><em><strong>Nous nous effor\u00e7ons de donner un prix approximatif de votre produit par paquet, mais le prix est calcul\u00e9 au poids. Le prix final sera d\u00e9termin\u00e9 par le poids lors de l&#8217;emballage.<\/strong><\/em><\/p>\n","protected":false},"featured_media":0,"comment_status":"closed","ping_status":"closed","template":"","meta":{"_et_pb_use_builder":"","_et_pb_old_content":"","_et_gb_content_width":""},"product_brand":[],"product_cat":[100,102],"product_tag":[],"class_list":{"0":"post-3196","1":"product","2":"type-product","3":"status-publish","5":"product_cat-porc","6":"product_cat-porc-cotelettes","8":"first","9":"instock","10":"shipping-taxable","11":"purchasable","12":"product-type-simple"},"_links":{"self":[{"href":"https:\/\/springbrookfarms.ca\/fr\/wp-json\/wp\/v2\/product\/3196","targetHints":{"allow":["GET"]}}],"collection":[{"href":"https:\/\/springbrookfarms.ca\/fr\/wp-json\/wp\/v2\/product"}],"about":[{"href":"https:\/\/springbrookfarms.ca\/fr\/wp-json\/wp\/v2\/types\/product"}],"replies":[{"embeddable":true,"href":"https:\/\/springbrookfarms.ca\/fr\/wp-json\/wp\/v2\/comments?post=3196"}],"wp:attachment":[{"href":"https:\/\/springbrookfarms.ca\/fr\/wp-json\/wp\/v2\/media?parent=3196"}],"wp:term":[{"taxonomy":"product_brand","embeddable":true,"href":"https:\/\/springbrookfarms.ca\/fr\/wp-json\/wp\/v2\/product_brand?post=3196"},{"taxonomy":"product_cat","embeddable":true,"href":"https:\/\/springbrookfarms.ca\/fr\/wp-json\/wp\/v2\/product_cat?post=3196"},{"taxonomy":"product_tag","embeddable":true,"href":"https:\/\/springbrookfarms.ca\/fr\/wp-json\/wp\/v2\/product_tag?post=3196"}],"curies":[{"name":"wp","href":"https:\/\/api.w.org\/{rel}","templated":true}]}}