{"id":3200,"date":"2020-04-14T15:06:45","date_gmt":"2020-04-14T18:06:45","guid":{"rendered":"https:\/\/springbrookfarms.ca\/shop\/non%20class\u00e9\/jambon-fume-a-lerable-2\/"},"modified":"2024-05-02T12:56:10","modified_gmt":"2024-05-02T15:56:10","slug":"jambon-fume-a-lerable-2","status":"publish","type":"product","link":"https:\/\/springbrookfarms.ca\/fr\/boutique\/porc\/porc-du-fumoir\/jambon-fume-a-lerable-2\/","title":{"rendered":"Jambon fum\u00e9 \u00e0 l&rsquo;\u00e9rable"},"content":{"rendered":"<div id=\"attachment_2617\" style=\"width: 310px\" class=\"wp-caption alignnone\"><a href=\"https:\/\/springbrookfarms.ca\/wp-content\/uploads\/2020\/04\/reg-bacon2-300x225.jpg\"><img loading=\"lazy\" decoding=\"async\" aria-describedby=\"caption-attachment-2617\" class=\"size-medium wp-image-2617\" src=\"https:\/\/springbrookfarms.ca\/wp-content\/uploads\/2020\/04\/reg-bacon2-300x225.jpg\" alt=\"\" width=\"300\" height=\"225\" \/><\/a><p id=\"caption-attachment-2617\" class=\"wp-caption-text\">1\/2 lb de notre bacon fum\u00e9 sans nitrite<\/p><\/div>\n","protected":false},"excerpt":{"rendered":"<p>1\/2 lb de notre bacon fum\u00e9 sans nitrite<\/p>\n","protected":false},"featured_media":0,"comment_status":"open","ping_status":"closed","template":"","meta":{"_et_pb_use_builder":"","_et_pb_old_content":"","_et_gb_content_width":""},"product_brand":[],"product_cat":[100,101],"product_tag":[],"class_list":{"0":"post-3200","1":"product","2":"type-product","3":"status-publish","5":"product_cat-porc","6":"product_cat-porc-du-fumoir","8":"first","9":"instock","10":"shipping-taxable","11":"purchasable","12":"product-type-simple"},"_links":{"self":[{"href":"https:\/\/springbrookfarms.ca\/fr\/wp-json\/wp\/v2\/product\/3200","targetHints":{"allow":["GET"]}}],"collection":[{"href":"https:\/\/springbrookfarms.ca\/fr\/wp-json\/wp\/v2\/product"}],"about":[{"href":"https:\/\/springbrookfarms.ca\/fr\/wp-json\/wp\/v2\/types\/product"}],"replies":[{"embeddable":true,"href":"https:\/\/springbrookfarms.ca\/fr\/wp-json\/wp\/v2\/comments?post=3200"}],"wp:attachment":[{"href":"https:\/\/springbrookfarms.ca\/fr\/wp-json\/wp\/v2\/media?parent=3200"}],"wp:term":[{"taxonomy":"product_brand","embeddable":true,"href":"https:\/\/springbrookfarms.ca\/fr\/wp-json\/wp\/v2\/product_brand?post=3200"},{"taxonomy":"product_cat","embeddable":true,"href":"https:\/\/springbrookfarms.ca\/fr\/wp-json\/wp\/v2\/product_cat?post=3200"},{"taxonomy":"product_tag","embeddable":true,"href":"https:\/\/springbrookfarms.ca\/fr\/wp-json\/wp\/v2\/product_tag?post=3200"}],"curies":[{"name":"wp","href":"https:\/\/api.w.org\/{rel}","templated":true}]}}