{"id":3206,"date":"2013-12-03T14:29:12","date_gmt":"2013-12-03T18:29:12","guid":{"rendered":"https:\/\/springbrookfarms.ca\/shop\/non%20class\u00e9\/burgers-4-0n-du-fumoir-pq-de-10\/"},"modified":"2024-05-02T12:59:57","modified_gmt":"2024-05-02T15:59:57","slug":"burgers-fumes-de-4-onces-pq-de-10","status":"publish","type":"product","link":"https:\/\/springbrookfarms.ca\/fr\/boutique\/porc\/porc-autre\/burgers-fumes-de-4-onces-pq-de-10\/","title":{"rendered":"Burgers fum\u00e9s de 4 onces (pq. de 10)"},"content":{"rendered":"","protected":false},"excerpt":{"rendered":"<p>Notre fameux Smoky burger, fait de porc hach\u00e9 et de bacon. Il deviendra rapidement votre nouveau plat pr\u00e9f\u00e9r\u00e9 sur le gril. Faites-les cuire \u00e0 feu doux pendant 18 minutes.<\/p>\n","protected":false},"featured_media":0,"comment_status":"closed","ping_status":"closed","template":"","meta":{"_et_pb_use_builder":"","_et_pb_old_content":"","_et_gb_content_width":""},"product_brand":[],"product_cat":[100,105,101,103],"product_tag":[],"class_list":{"0":"post-3206","1":"product","2":"type-product","3":"status-publish","5":"product_cat-porc","6":"product_cat-porc-autre","7":"product_cat-porc-du-fumoir","8":"product_cat-porc-hache","10":"first","11":"instock","12":"shipping-taxable","13":"purchasable","14":"product-type-simple"},"_links":{"self":[{"href":"https:\/\/springbrookfarms.ca\/fr\/wp-json\/wp\/v2\/product\/3206","targetHints":{"allow":["GET"]}}],"collection":[{"href":"https:\/\/springbrookfarms.ca\/fr\/wp-json\/wp\/v2\/product"}],"about":[{"href":"https:\/\/springbrookfarms.ca\/fr\/wp-json\/wp\/v2\/types\/product"}],"replies":[{"embeddable":true,"href":"https:\/\/springbrookfarms.ca\/fr\/wp-json\/wp\/v2\/comments?post=3206"}],"wp:attachment":[{"href":"https:\/\/springbrookfarms.ca\/fr\/wp-json\/wp\/v2\/media?parent=3206"}],"wp:term":[{"taxonomy":"product_brand","embeddable":true,"href":"https:\/\/springbrookfarms.ca\/fr\/wp-json\/wp\/v2\/product_brand?post=3206"},{"taxonomy":"product_cat","embeddable":true,"href":"https:\/\/springbrookfarms.ca\/fr\/wp-json\/wp\/v2\/product_cat?post=3206"},{"taxonomy":"product_tag","embeddable":true,"href":"https:\/\/springbrookfarms.ca\/fr\/wp-json\/wp\/v2\/product_tag?post=3206"}],"curies":[{"name":"wp","href":"https:\/\/api.w.org\/{rel}","templated":true}]}}