{"id":3208,"date":"2013-12-03T14:28:44","date_gmt":"2013-12-03T18:28:44","guid":{"rendered":"https:\/\/springbrookfarms.ca\/shop\/non%20class\u00e9\/burgers-fumes-de-4-onces-pq-de-4\/"},"modified":"2024-05-02T13:00:07","modified_gmt":"2024-05-02T16:00:07","slug":"burgers-fumes-de-4-onces-pq-de-4","status":"publish","type":"product","link":"https:\/\/springbrookfarms.ca\/fr\/boutique\/porc\/porc-du-fumoir\/burgers-fumes-de-4-onces-pq-de-4\/","title":{"rendered":"Burgers fum\u00e9s de 4 onces (pq. de 4)"},"content":{"rendered":"","protected":false},"excerpt":{"rendered":"<p>Notre fameux Smoky burger, fait de porc hach\u00e9 et de bacon. Il deviendra rapidement votre nouveau plat pr\u00e9f\u00e9r\u00e9 sur le gril. Faites-les cuire \u00e0 feu doux pendant 18 minutes.<\/p>\n","protected":false},"featured_media":0,"comment_status":"closed","ping_status":"closed","template":"","meta":{"_et_pb_use_builder":"","_et_pb_old_content":"","_et_gb_content_width":""},"product_brand":[],"product_cat":[100,101,103],"product_tag":[],"class_list":{"0":"post-3208","1":"product","2":"type-product","3":"status-publish","5":"product_cat-porc","6":"product_cat-porc-du-fumoir","7":"product_cat-porc-hache","9":"first","10":"outofstock","11":"shipping-taxable","12":"purchasable","13":"product-type-simple"},"_links":{"self":[{"href":"https:\/\/springbrookfarms.ca\/fr\/wp-json\/wp\/v2\/product\/3208","targetHints":{"allow":["GET"]}}],"collection":[{"href":"https:\/\/springbrookfarms.ca\/fr\/wp-json\/wp\/v2\/product"}],"about":[{"href":"https:\/\/springbrookfarms.ca\/fr\/wp-json\/wp\/v2\/types\/product"}],"replies":[{"embeddable":true,"href":"https:\/\/springbrookfarms.ca\/fr\/wp-json\/wp\/v2\/comments?post=3208"}],"wp:attachment":[{"href":"https:\/\/springbrookfarms.ca\/fr\/wp-json\/wp\/v2\/media?parent=3208"}],"wp:term":[{"taxonomy":"product_brand","embeddable":true,"href":"https:\/\/springbrookfarms.ca\/fr\/wp-json\/wp\/v2\/product_brand?post=3208"},{"taxonomy":"product_cat","embeddable":true,"href":"https:\/\/springbrookfarms.ca\/fr\/wp-json\/wp\/v2\/product_cat?post=3208"},{"taxonomy":"product_tag","embeddable":true,"href":"https:\/\/springbrookfarms.ca\/fr\/wp-json\/wp\/v2\/product_tag?post=3208"}],"curies":[{"name":"wp","href":"https:\/\/api.w.org\/{rel}","templated":true}]}}