{"id":3211,"date":"2013-12-03T14:25:27","date_gmt":"2013-12-03T18:25:27","guid":{"rendered":"https:\/\/springbrookfarms.ca\/shop\/non%20class\u00e9\/jarret-de-porc-coupe-du-centre\/"},"modified":"2024-05-02T13:00:25","modified_gmt":"2024-05-02T16:00:25","slug":"jarret-de-porc-coupe-du-centre","status":"publish","type":"product","link":"https:\/\/springbrookfarms.ca\/fr\/boutique\/porc\/porc-autre\/jarret-de-porc-coupe-du-centre\/","title":{"rendered":"Jarret de porc, coupe du centre"},"content":{"rendered":"","protected":false},"excerpt":{"rendered":"<p>Parfait pour un osso bucco \u00e0 la cara\u00efbe ou un d\u00eener bouilli acadien. Environ 3 pi\u00e8ces par paquet. Le prix moyen d&rsquo;un paquet varie entre 5 et 10 $.<\/p>\n<p><strong>5,00 $ la livre<\/strong><\/p>\n<p><em><strong>Nous nous effor\u00e7ons de donner un prix approximatif de votre produit par paquet, mais le prix est calcul\u00e9 au poids. Le prix final sera d\u00e9termin\u00e9 par le poids lors de l&#8217;emballage.<\/strong><\/em><\/p>\n","protected":false},"featured_media":0,"comment_status":"closed","ping_status":"closed","template":"","meta":{"_et_pb_use_builder":"","_et_pb_old_content":"","_et_gb_content_width":""},"product_brand":[],"product_cat":[100,105],"product_tag":[],"class_list":{"0":"post-3211","1":"product","2":"type-product","3":"status-publish","5":"product_cat-porc","6":"product_cat-porc-autre","8":"first","9":"outofstock","10":"shipping-taxable","11":"purchasable","12":"product-type-simple"},"_links":{"self":[{"href":"https:\/\/springbrookfarms.ca\/fr\/wp-json\/wp\/v2\/product\/3211","targetHints":{"allow":["GET"]}}],"collection":[{"href":"https:\/\/springbrookfarms.ca\/fr\/wp-json\/wp\/v2\/product"}],"about":[{"href":"https:\/\/springbrookfarms.ca\/fr\/wp-json\/wp\/v2\/types\/product"}],"replies":[{"embeddable":true,"href":"https:\/\/springbrookfarms.ca\/fr\/wp-json\/wp\/v2\/comments?post=3211"}],"wp:attachment":[{"href":"https:\/\/springbrookfarms.ca\/fr\/wp-json\/wp\/v2\/media?parent=3211"}],"wp:term":[{"taxonomy":"product_brand","embeddable":true,"href":"https:\/\/springbrookfarms.ca\/fr\/wp-json\/wp\/v2\/product_brand?post=3211"},{"taxonomy":"product_cat","embeddable":true,"href":"https:\/\/springbrookfarms.ca\/fr\/wp-json\/wp\/v2\/product_cat?post=3211"},{"taxonomy":"product_tag","embeddable":true,"href":"https:\/\/springbrookfarms.ca\/fr\/wp-json\/wp\/v2\/product_tag?post=3211"}],"curies":[{"name":"wp","href":"https:\/\/api.w.org\/{rel}","templated":true}]}}