{"id":3213,"date":"2013-12-03T16:30:28","date_gmt":"2013-12-03T20:30:28","guid":{"rendered":"https:\/\/springbrookfarms.ca\/shop\/non class\u00e9\/soc-roule\/"},"modified":"2013-12-03T16:30:28","modified_gmt":"2013-12-03T20:30:28","slug":"soc-roule","status":"publish","type":"product","link":"https:\/\/springbrookfarms.ca\/fr\/boutique\/porc\/porc-autre\/soc-roule\/","title":{"rendered":"Soc roul\u00e9"},"content":{"rendered":"","protected":false},"excerpt":{"rendered":"<p>Soc roul\u00e9 sucr\u00e9 et marin\u00e9, fabriqu\u00e9 \u00e0 partir d&rsquo;une \u00e9paule de porc fra\u00eeche et d\u00e9soss\u00e9e. Le prix moyen par paquet est compris entre 10 et 20 dollars.<\/p>\n<p><strong>4,75 $ la livre<\/strong><\/p>\n<p><em><strong>Nous nous effor\u00e7ons de donner un prix approximatif de votre produit par paquet, mais le prix est calcul\u00e9 au poids. Le prix final sera d\u00e9termin\u00e9 par le poids lors de l&#8217;emballage.<\/strong><\/em><\/p>\n","protected":false},"featured_media":0,"comment_status":"closed","ping_status":"closed","template":"","meta":{"_et_pb_use_builder":"","_et_pb_old_content":"","_et_gb_content_width":""},"product_brand":[],"product_cat":[100,105],"product_tag":[],"class_list":{"0":"post-3213","1":"product","2":"type-product","3":"status-publish","5":"product_cat-porc","6":"product_cat-porc-autre","8":"first","9":"outofstock","10":"shipping-taxable","11":"purchasable","12":"product-type-simple"},"_links":{"self":[{"href":"https:\/\/springbrookfarms.ca\/fr\/wp-json\/wp\/v2\/product\/3213","targetHints":{"allow":["GET"]}}],"collection":[{"href":"https:\/\/springbrookfarms.ca\/fr\/wp-json\/wp\/v2\/product"}],"about":[{"href":"https:\/\/springbrookfarms.ca\/fr\/wp-json\/wp\/v2\/types\/product"}],"replies":[{"embeddable":true,"href":"https:\/\/springbrookfarms.ca\/fr\/wp-json\/wp\/v2\/comments?post=3213"}],"wp:attachment":[{"href":"https:\/\/springbrookfarms.ca\/fr\/wp-json\/wp\/v2\/media?parent=3213"}],"wp:term":[{"taxonomy":"product_brand","embeddable":true,"href":"https:\/\/springbrookfarms.ca\/fr\/wp-json\/wp\/v2\/product_brand?post=3213"},{"taxonomy":"product_cat","embeddable":true,"href":"https:\/\/springbrookfarms.ca\/fr\/wp-json\/wp\/v2\/product_cat?post=3213"},{"taxonomy":"product_tag","embeddable":true,"href":"https:\/\/springbrookfarms.ca\/fr\/wp-json\/wp\/v2\/product_tag?post=3213"}],"curies":[{"name":"wp","href":"https:\/\/api.w.org\/{rel}","templated":true}]}}