{"id":3223,"date":"2014-03-12T18:00:28","date_gmt":"2014-03-12T21:00:28","guid":{"rendered":"https:\/\/springbrookfarms.ca\/shop\/non%20class\u00e9\/bacon-frais-en-tranches-non-fume-et-non-sale\/"},"modified":"2024-05-02T12:58:20","modified_gmt":"2024-05-02T15:58:20","slug":"bacon-frais-en-tranches-non-fume-et-non-sale","status":"publish","type":"product","link":"https:\/\/springbrookfarms.ca\/fr\/boutique\/porc\/porc-autre\/bacon-frais-en-tranches-non-fume-et-non-sale\/","title":{"rendered":"Bacon frais en tranches, non fum\u00e9 et non sal\u00e9"},"content":{"rendered":"","protected":false},"excerpt":{"rendered":"<p>Lard non fum\u00e9, tranch\u00e9 \u00e0 la main.\u00a0 Pr\u00e9par\u00e9 en paquets de 1 livre.<\/p>\n<p><strong>7,50 $ la livre<\/strong><\/p>\n<p><em><strong>Nous nous effor\u00e7ons de donner un prix approximatif de votre produit par paquet, mais le prix est calcul\u00e9 au poids.\u00a0 Le prix final sera d\u00e9termin\u00e9 par le poids lors de l&#8217;emballage.<\/strong><\/em><\/p>\n","protected":false},"featured_media":0,"comment_status":"open","ping_status":"closed","template":"","meta":{"_et_pb_use_builder":"","_et_pb_old_content":"","_et_gb_content_width":""},"product_brand":[],"product_cat":[100,105],"product_tag":[],"class_list":{"0":"post-3223","1":"product","2":"type-product","3":"status-publish","5":"product_cat-porc","6":"product_cat-porc-autre","8":"first","9":"instock","10":"shipping-taxable","11":"purchasable","12":"product-type-simple"},"_links":{"self":[{"href":"https:\/\/springbrookfarms.ca\/fr\/wp-json\/wp\/v2\/product\/3223","targetHints":{"allow":["GET"]}}],"collection":[{"href":"https:\/\/springbrookfarms.ca\/fr\/wp-json\/wp\/v2\/product"}],"about":[{"href":"https:\/\/springbrookfarms.ca\/fr\/wp-json\/wp\/v2\/types\/product"}],"replies":[{"embeddable":true,"href":"https:\/\/springbrookfarms.ca\/fr\/wp-json\/wp\/v2\/comments?post=3223"}],"wp:attachment":[{"href":"https:\/\/springbrookfarms.ca\/fr\/wp-json\/wp\/v2\/media?parent=3223"}],"wp:term":[{"taxonomy":"product_brand","embeddable":true,"href":"https:\/\/springbrookfarms.ca\/fr\/wp-json\/wp\/v2\/product_brand?post=3223"},{"taxonomy":"product_cat","embeddable":true,"href":"https:\/\/springbrookfarms.ca\/fr\/wp-json\/wp\/v2\/product_cat?post=3223"},{"taxonomy":"product_tag","embeddable":true,"href":"https:\/\/springbrookfarms.ca\/fr\/wp-json\/wp\/v2\/product_tag?post=3223"}],"curies":[{"name":"wp","href":"https:\/\/api.w.org\/{rel}","templated":true}]}}