{"id":3227,"date":"2013-12-03T14:24:33","date_gmt":"2013-12-03T18:24:33","guid":{"rendered":"https:\/\/springbrookfarms.ca\/shop\/non%20class\u00e9\/cotes-de-dos-de-porcelet\/"},"modified":"2024-05-02T13:00:34","modified_gmt":"2024-05-02T16:00:34","slug":"cotes-de-dos-de-porcelet","status":"publish","type":"product","link":"https:\/\/springbrookfarms.ca\/fr\/boutique\/porc\/porc-cotes\/cotes-de-dos-de-porcelet\/","title":{"rendered":"C\u00f4tes de dos de porcelet"},"content":{"rendered":"","protected":false},"excerpt":{"rendered":"<p>Tendre et d\u00e9licieux, ils sont excellents frott\u00e9s et grill\u00e9s lentement sur le barbecue.\u00a0 1 carr\u00e9 par paquet, le poids moyen par paquet est de 2 livres. Le prix moyen d&rsquo;un paquet varie entre 15 et 20 dollars.<\/p>\n<p><strong>10,00 $ la livre<\/strong><\/p>\n<p><em><strong>Nous nous effor\u00e7ons de donner un prix approximatif de votre produit par paquet, mais le prix est calcul\u00e9 au poids.\u00a0 Le prix final sera d\u00e9termin\u00e9 par le poids lors de l&#8217;emballage.<\/strong><\/em><\/p>\n","protected":false},"featured_media":5068,"comment_status":"closed","ping_status":"closed","template":"","meta":{"_et_pb_use_builder":"","_et_pb_old_content":"","_et_gb_content_width":""},"product_brand":[],"product_cat":[100,106],"product_tag":[],"class_list":{"0":"post-3227","1":"product","2":"type-product","3":"status-publish","4":"has-post-thumbnail","6":"product_cat-porc","7":"product_cat-porc-cotes","9":"first","10":"instock","11":"shipping-taxable","12":"purchasable","13":"product-type-simple"},"_links":{"self":[{"href":"https:\/\/springbrookfarms.ca\/fr\/wp-json\/wp\/v2\/product\/3227","targetHints":{"allow":["GET"]}}],"collection":[{"href":"https:\/\/springbrookfarms.ca\/fr\/wp-json\/wp\/v2\/product"}],"about":[{"href":"https:\/\/springbrookfarms.ca\/fr\/wp-json\/wp\/v2\/types\/product"}],"replies":[{"embeddable":true,"href":"https:\/\/springbrookfarms.ca\/fr\/wp-json\/wp\/v2\/comments?post=3227"}],"wp:featuredmedia":[{"embeddable":true,"href":"https:\/\/springbrookfarms.ca\/fr\/wp-json\/wp\/v2\/media\/5068"}],"wp:attachment":[{"href":"https:\/\/springbrookfarms.ca\/fr\/wp-json\/wp\/v2\/media?parent=3227"}],"wp:term":[{"taxonomy":"product_brand","embeddable":true,"href":"https:\/\/springbrookfarms.ca\/fr\/wp-json\/wp\/v2\/product_brand?post=3227"},{"taxonomy":"product_cat","embeddable":true,"href":"https:\/\/springbrookfarms.ca\/fr\/wp-json\/wp\/v2\/product_cat?post=3227"},{"taxonomy":"product_tag","embeddable":true,"href":"https:\/\/springbrookfarms.ca\/fr\/wp-json\/wp\/v2\/product_tag?post=3227"}],"curies":[{"name":"wp","href":"https:\/\/api.w.org\/{rel}","templated":true}]}}