{"id":3235,"date":"2013-12-03T13:56:03","date_gmt":"2013-12-03T17:56:03","guid":{"rendered":"https:\/\/springbrookfarms.ca\/shop\/non%20class\u00e9\/roti-depaule-de-porc-desosse\/"},"modified":"2024-05-02T13:00:52","modified_gmt":"2024-05-02T16:00:52","slug":"roti-depaule-de-porc-desosse","status":"publish","type":"product","link":"https:\/\/springbrookfarms.ca\/fr\/boutique\/porc\/porc-rotis\/roti-depaule-de-porc-desosse\/","title":{"rendered":"R\u00f4ti d&rsquo;\u00e9paule de porc d\u00e9soss\u00e9"},"content":{"rendered":"","protected":false},"excerpt":{"rendered":"<p>D\u00e9soss\u00e9, roul\u00e9 et ficel\u00e9. Parfait pour le porc brais\u00e9, soit au barbecue, soit au four et dans la mijoteuse. Excellent pour le tranchage. Tr\u00e8s bien d\u00e9coup\u00e9.\u00a0 Environ 3 livres. Le prix moyen par paquet est de 13 $ \u00e0 18 $.<\/p>\n<p><strong>4,75 $ la livre<\/strong><\/p>\n<p><em><strong>Nous nous effor\u00e7ons de donner un prix approximatif de votre produit par paquet, mais le prix est calcul\u00e9 au poids.\u00a0 Le prix final sera d\u00e9termin\u00e9 par le poids lors de l&#8217;emballage.<\/strong><\/em><\/p>\n","protected":false},"featured_media":0,"comment_status":"closed","ping_status":"closed","template":"","meta":{"_et_pb_use_builder":"","_et_pb_old_content":"","_et_gb_content_width":""},"product_brand":[],"product_cat":[100,107],"product_tag":[],"class_list":{"0":"post-3235","1":"product","2":"type-product","3":"status-publish","5":"product_cat-porc","6":"product_cat-porc-rotis","8":"first","9":"instock","10":"shipping-taxable","11":"purchasable","12":"product-type-simple"},"_links":{"self":[{"href":"https:\/\/springbrookfarms.ca\/fr\/wp-json\/wp\/v2\/product\/3235","targetHints":{"allow":["GET"]}}],"collection":[{"href":"https:\/\/springbrookfarms.ca\/fr\/wp-json\/wp\/v2\/product"}],"about":[{"href":"https:\/\/springbrookfarms.ca\/fr\/wp-json\/wp\/v2\/types\/product"}],"replies":[{"embeddable":true,"href":"https:\/\/springbrookfarms.ca\/fr\/wp-json\/wp\/v2\/comments?post=3235"}],"wp:attachment":[{"href":"https:\/\/springbrookfarms.ca\/fr\/wp-json\/wp\/v2\/media?parent=3235"}],"wp:term":[{"taxonomy":"product_brand","embeddable":true,"href":"https:\/\/springbrookfarms.ca\/fr\/wp-json\/wp\/v2\/product_brand?post=3235"},{"taxonomy":"product_cat","embeddable":true,"href":"https:\/\/springbrookfarms.ca\/fr\/wp-json\/wp\/v2\/product_cat?post=3235"},{"taxonomy":"product_tag","embeddable":true,"href":"https:\/\/springbrookfarms.ca\/fr\/wp-json\/wp\/v2\/product_tag?post=3235"}],"curies":[{"name":"wp","href":"https:\/\/api.w.org\/{rel}","templated":true}]}}