{"id":3248,"date":"2020-03-31T10:39:22","date_gmt":"2020-03-31T13:39:22","guid":{"rendered":"https:\/\/springbrookfarms.ca\/shop\/non class\u00e9\/bacon-fume-a-lerable\/"},"modified":"2020-03-31T10:39:22","modified_gmt":"2020-03-31T13:39:22","slug":"bacon-fume-a-lerable","status":"publish","type":"product","link":"https:\/\/springbrookfarms.ca\/fr\/boutique\/non class\u00e9\/bacon-fume-a-lerable\/","title":{"rendered":"Bacon fum\u00e9 \u00e0 l&rsquo;\u00e9rable"},"content":{"rendered":"<p>1\/2 lb de bacon fum\u00e9 \u00e0 l&rsquo;\u00e9rable<\/p>\n","protected":false},"excerpt":{"rendered":"<p>1\/2 lb de bacon fum\u00e9 \u00e0 l&rsquo;\u00e9rable<\/p>\n","protected":false},"featured_media":0,"comment_status":"open","ping_status":"closed","template":"","meta":{"_et_pb_use_builder":"","_et_pb_old_content":"","_et_gb_content_width":""},"product_brand":[],"product_cat":[],"product_tag":[],"class_list":{"0":"post-3248","1":"product","2":"type-product","3":"status-publish","6":"first","7":"outofstock","8":"shipping-taxable","9":"purchasable","10":"product-type-simple"},"_links":{"self":[{"href":"https:\/\/springbrookfarms.ca\/fr\/wp-json\/wp\/v2\/product\/3248","targetHints":{"allow":["GET"]}}],"collection":[{"href":"https:\/\/springbrookfarms.ca\/fr\/wp-json\/wp\/v2\/product"}],"about":[{"href":"https:\/\/springbrookfarms.ca\/fr\/wp-json\/wp\/v2\/types\/product"}],"replies":[{"embeddable":true,"href":"https:\/\/springbrookfarms.ca\/fr\/wp-json\/wp\/v2\/comments?post=3248"}],"wp:attachment":[{"href":"https:\/\/springbrookfarms.ca\/fr\/wp-json\/wp\/v2\/media?parent=3248"}],"wp:term":[{"taxonomy":"product_brand","embeddable":true,"href":"https:\/\/springbrookfarms.ca\/fr\/wp-json\/wp\/v2\/product_brand?post=3248"},{"taxonomy":"product_cat","embeddable":true,"href":"https:\/\/springbrookfarms.ca\/fr\/wp-json\/wp\/v2\/product_cat?post=3248"},{"taxonomy":"product_tag","embeddable":true,"href":"https:\/\/springbrookfarms.ca\/fr\/wp-json\/wp\/v2\/product_tag?post=3248"}],"curies":[{"name":"wp","href":"https:\/\/api.w.org\/{rel}","templated":true}]}}