{"id":3257,"date":"2013-11-28T14:55:08","date_gmt":"2013-11-28T18:55:08","guid":{"rendered":"https:\/\/springbrookfarms.ca\/shop\/non class\u00e9\/boite-bbq-au-porc\/"},"modified":"2013-11-28T14:55:08","modified_gmt":"2013-11-28T18:55:08","slug":"boite-bbq-au-porc","status":"publish","type":"product","link":"https:\/\/springbrookfarms.ca\/fr\/boutique\/boites-speciales-de-la-ferme\/boite-bbq-au-porc\/","title":{"rendered":"Bo\u00eete BBQ au porc"},"content":{"rendered":"<p>** Contient tous les produits scell\u00e9s sous vide fra\u00eechement congel\u00e9s **<\/p>\n<p>** Pas de substitutions **<\/p>\n<p>20 c\u00f4telettes \u00e9paisses (3\/4 pouces)<\/p>\n<p>4 steaks de style capicola<\/p>\n<p>20 burgers fum\u00e9s<\/p>\n<p>5 lb de porc hach\u00e9 maigre<\/p>\n<p>2 r\u00f4tis de style porc effiloch\u00e9 (\u00e9paule)<\/p>\n","protected":false},"excerpt":{"rendered":"<p>Nous avons rassembl\u00e9 une excellente s\u00e9lection des meilleures coupes de porc pour le grill. Commencez votre saison de grillades avec une bo\u00eete de porc au barbecue.<\/p>\n<p>** Contient tous les produits scell\u00e9s sous vide fra\u00eechement congel\u00e9s **<\/p>\n","protected":false},"featured_media":3258,"comment_status":"closed","ping_status":"closed","template":"","meta":{"_et_pb_use_builder":"","_et_pb_old_content":"","_et_gb_content_width":""},"product_brand":[],"product_cat":[99],"product_tag":[],"class_list":{"0":"post-3257","1":"product","2":"type-product","3":"status-publish","4":"has-post-thumbnail","6":"product_cat-boites-speciales-de-la-ferme","8":"first","9":"outofstock","10":"shipping-taxable","11":"purchasable","12":"product-type-simple"},"_links":{"self":[{"href":"https:\/\/springbrookfarms.ca\/fr\/wp-json\/wp\/v2\/product\/3257","targetHints":{"allow":["GET"]}}],"collection":[{"href":"https:\/\/springbrookfarms.ca\/fr\/wp-json\/wp\/v2\/product"}],"about":[{"href":"https:\/\/springbrookfarms.ca\/fr\/wp-json\/wp\/v2\/types\/product"}],"replies":[{"embeddable":true,"href":"https:\/\/springbrookfarms.ca\/fr\/wp-json\/wp\/v2\/comments?post=3257"}],"wp:featuredmedia":[{"embeddable":true,"href":"https:\/\/springbrookfarms.ca\/fr\/wp-json\/wp\/v2\/media\/3258"}],"wp:attachment":[{"href":"https:\/\/springbrookfarms.ca\/fr\/wp-json\/wp\/v2\/media?parent=3257"}],"wp:term":[{"taxonomy":"product_brand","embeddable":true,"href":"https:\/\/springbrookfarms.ca\/fr\/wp-json\/wp\/v2\/product_brand?post=3257"},{"taxonomy":"product_cat","embeddable":true,"href":"https:\/\/springbrookfarms.ca\/fr\/wp-json\/wp\/v2\/product_cat?post=3257"},{"taxonomy":"product_tag","embeddable":true,"href":"https:\/\/springbrookfarms.ca\/fr\/wp-json\/wp\/v2\/product_tag?post=3257"}],"curies":[{"name":"wp","href":"https:\/\/api.w.org\/{rel}","templated":true}]}}