{"id":3259,"date":"2013-11-28T14:54:45","date_gmt":"2013-11-28T18:54:45","guid":{"rendered":"https:\/\/springbrookfarms.ca\/shop\/non class\u00e9\/boite-de-boeuf\/"},"modified":"2013-11-28T14:54:45","modified_gmt":"2013-11-28T18:54:45","slug":"boite-de-boeuf","status":"publish","type":"product","link":"https:\/\/springbrookfarms.ca\/fr\/boutique\/boites-speciales-de-la-ferme\/boite-de-boeuf\/","title":{"rendered":"Bo\u00eete de boeuf"},"content":{"rendered":"<p>** Contient tous les produits scell\u00e9s sous vide fra\u00eechement congel\u00e9s **<\/p>\n<p>2 r\u00f4tis (environ 3 lb chacun)<\/p>\n<p>4 steaks<\/p>\n<p>8 lb de boeuf hach\u00e9 maigre<\/p>\n<p>1 lb de viande de rago\u00fbt<\/p>\n","protected":false},"excerpt":{"rendered":"<p>** Contient tous les produits scell\u00e9s sous vide fra\u00eechement congel\u00e9s **<\/p>\n<p>2 r\u00f4tis (environ 3 lb chacun)<\/p>\n<p>4 steaks<\/p>\n<p>8 lb de boeuf hach\u00e9 maigre<\/p>\n<p>1 lb de viande de rago\u00fbt<\/p>\n","protected":false},"featured_media":0,"comment_status":"closed","ping_status":"closed","template":"","meta":{"_et_pb_use_builder":"","_et_pb_old_content":"","_et_gb_content_width":""},"product_brand":[],"product_cat":[99],"product_tag":[],"class_list":{"0":"post-3259","1":"product","2":"type-product","3":"status-publish","5":"product_cat-boites-speciales-de-la-ferme","7":"first","8":"outofstock","9":"shipping-taxable","10":"purchasable","11":"product-type-simple"},"_links":{"self":[{"href":"https:\/\/springbrookfarms.ca\/fr\/wp-json\/wp\/v2\/product\/3259","targetHints":{"allow":["GET"]}}],"collection":[{"href":"https:\/\/springbrookfarms.ca\/fr\/wp-json\/wp\/v2\/product"}],"about":[{"href":"https:\/\/springbrookfarms.ca\/fr\/wp-json\/wp\/v2\/types\/product"}],"replies":[{"embeddable":true,"href":"https:\/\/springbrookfarms.ca\/fr\/wp-json\/wp\/v2\/comments?post=3259"}],"wp:attachment":[{"href":"https:\/\/springbrookfarms.ca\/fr\/wp-json\/wp\/v2\/media?parent=3259"}],"wp:term":[{"taxonomy":"product_brand","embeddable":true,"href":"https:\/\/springbrookfarms.ca\/fr\/wp-json\/wp\/v2\/product_brand?post=3259"},{"taxonomy":"product_cat","embeddable":true,"href":"https:\/\/springbrookfarms.ca\/fr\/wp-json\/wp\/v2\/product_cat?post=3259"},{"taxonomy":"product_tag","embeddable":true,"href":"https:\/\/springbrookfarms.ca\/fr\/wp-json\/wp\/v2\/product_tag?post=3259"}],"curies":[{"name":"wp","href":"https:\/\/api.w.org\/{rel}","templated":true}]}}