{"id":3260,"date":"2020-04-22T12:46:43","date_gmt":"2020-04-22T15:46:43","guid":{"rendered":"https:\/\/springbrookfarms.ca\/shop\/non%20class\u00e9\/boite-de-poulet-2\/"},"modified":"2024-12-13T09:42:34","modified_gmt":"2024-12-13T13:42:34","slug":"boite-de-poulet-2","status":"publish","type":"product","link":"https:\/\/springbrookfarms.ca\/fr\/boutique\/boites-speciales-de-la-ferme\/boite-de-poulet-2\/","title":{"rendered":"Bo\u00eete de poulet"},"content":{"rendered":"","protected":false},"excerpt":{"rendered":"<p>** Contient tous les produits scell\u00e9s sous vide fra\u00eechement congel\u00e9s **<\/p>\n<p>** Pas de substitutions **<\/p>\n","protected":false},"featured_media":0,"comment_status":"open","ping_status":"closed","template":"","meta":{"_et_pb_use_builder":"","_et_pb_old_content":"","_et_gb_content_width":""},"product_brand":[],"product_cat":[99,90],"product_tag":[],"class_list":{"0":"post-3260","1":"product","2":"type-product","3":"status-publish","5":"product_cat-boites-speciales-de-la-ferme","6":"product_cat-poulet","8":"first","9":"outofstock","10":"sale","11":"shipping-taxable","12":"purchasable","13":"product-type-simple"},"_links":{"self":[{"href":"https:\/\/springbrookfarms.ca\/fr\/wp-json\/wp\/v2\/product\/3260","targetHints":{"allow":["GET"]}}],"collection":[{"href":"https:\/\/springbrookfarms.ca\/fr\/wp-json\/wp\/v2\/product"}],"about":[{"href":"https:\/\/springbrookfarms.ca\/fr\/wp-json\/wp\/v2\/types\/product"}],"replies":[{"embeddable":true,"href":"https:\/\/springbrookfarms.ca\/fr\/wp-json\/wp\/v2\/comments?post=3260"}],"wp:attachment":[{"href":"https:\/\/springbrookfarms.ca\/fr\/wp-json\/wp\/v2\/media?parent=3260"}],"wp:term":[{"taxonomy":"product_brand","embeddable":true,"href":"https:\/\/springbrookfarms.ca\/fr\/wp-json\/wp\/v2\/product_brand?post=3260"},{"taxonomy":"product_cat","embeddable":true,"href":"https:\/\/springbrookfarms.ca\/fr\/wp-json\/wp\/v2\/product_cat?post=3260"},{"taxonomy":"product_tag","embeddable":true,"href":"https:\/\/springbrookfarms.ca\/fr\/wp-json\/wp\/v2\/product_tag?post=3260"}],"curies":[{"name":"wp","href":"https:\/\/api.w.org\/{rel}","templated":true}]}}