{"id":3270,"date":"2013-12-03T16:52:49","date_gmt":"2013-12-03T20:52:49","guid":{"rendered":"https:\/\/springbrookfarms.ca\/shop\/non%20class\u00e9\/boeuf-hache-maigre\/"},"modified":"2024-05-02T12:54:29","modified_gmt":"2024-05-02T15:54:29","slug":"boeuf-hache-maigre","status":"publish","type":"product","link":"https:\/\/springbrookfarms.ca\/fr\/boutique\/boeuf\/boeuf-hache\/boeuf-hache-maigre\/","title":{"rendered":"Boeuf hach\u00e9 maigre"},"content":{"rendered":"","protected":false},"excerpt":{"rendered":"<p>Boeuf maigre et nourri \u00e0 l&rsquo;herbe. <strong>5,25 $ \/ lb<\/strong> Emballages d&rsquo;environ 1 lb<\/p>\n<p><em><strong>Nous nous effor\u00e7ons de donner un prix approximatif de votre produit par paquet, mais il est factur\u00e9 au poids. Le prix final sera d\u00e9termin\u00e9 en fonction du poids lors de l&#8217;emballage.<\/strong><\/em><\/p>\n","protected":false},"featured_media":0,"comment_status":"closed","ping_status":"closed","template":"","meta":{"_et_pb_use_builder":"","_et_pb_old_content":"","_et_gb_content_width":""},"product_brand":[],"product_cat":[84,85],"product_tag":[],"class_list":{"0":"post-3270","1":"product","2":"type-product","3":"status-publish","5":"product_cat-boeuf","6":"product_cat-boeuf-hache","8":"first","9":"instock","10":"shipping-taxable","11":"purchasable","12":"product-type-simple"},"_links":{"self":[{"href":"https:\/\/springbrookfarms.ca\/fr\/wp-json\/wp\/v2\/product\/3270","targetHints":{"allow":["GET"]}}],"collection":[{"href":"https:\/\/springbrookfarms.ca\/fr\/wp-json\/wp\/v2\/product"}],"about":[{"href":"https:\/\/springbrookfarms.ca\/fr\/wp-json\/wp\/v2\/types\/product"}],"replies":[{"embeddable":true,"href":"https:\/\/springbrookfarms.ca\/fr\/wp-json\/wp\/v2\/comments?post=3270"}],"wp:attachment":[{"href":"https:\/\/springbrookfarms.ca\/fr\/wp-json\/wp\/v2\/media?parent=3270"}],"wp:term":[{"taxonomy":"product_brand","embeddable":true,"href":"https:\/\/springbrookfarms.ca\/fr\/wp-json\/wp\/v2\/product_brand?post=3270"},{"taxonomy":"product_cat","embeddable":true,"href":"https:\/\/springbrookfarms.ca\/fr\/wp-json\/wp\/v2\/product_cat?post=3270"},{"taxonomy":"product_tag","embeddable":true,"href":"https:\/\/springbrookfarms.ca\/fr\/wp-json\/wp\/v2\/product_tag?post=3270"}],"curies":[{"name":"wp","href":"https:\/\/api.w.org\/{rel}","templated":true}]}}